{"id":7114,"date":"2018-05-12T11:33:06","date_gmt":"2018-05-12T09:33:06","guid":{"rendered":"http:\/\/teatrpapahema.pl\/wojna-trzesienie-rodziny\/"},"modified":"2018-06-23T20:16:32","modified_gmt":"2018-06-23T18:16:32","slug":"war-the-family-quake","status":"publish","type":"page","link":"https:\/\/teatrpapahema.pl\/en\/war-the-family-quake\/","title":{"rendered":"War. The family-quake"},"content":{"rendered":"[vc_row type=&#8221;full_width_background&#8221; full_screen_row_position=&#8221;middle&#8221; equal_height=&#8221;yes&#8221; content_placement=&#8221;top&#8221; bg_color=&#8221;#ffffff&#8221; scene_position=&#8221;center&#8221; text_color=&#8221;dark&#8221; text_align=&#8221;left&#8221; overlay_strength=&#8221;0.3&#8243; shape_divider_position=&#8221;bottom&#8221; shape_type=&#8221;&#8221;][vc_column column_padding=&#8221;padding-3-percent&#8221; column_padding_position=&#8221;all&#8221; background_color_opacity=&#8221;1&#8243; background_hover_color_opacity=&#8221;1&#8243; column_shadow=&#8221;none&#8221; column_border_radius=&#8221;none&#8221; width=&#8221;1\/2&#8243; tablet_text_alignment=&#8221;default&#8221; phone_text_alignment=&#8221;default&#8221; column_border_width=&#8221;none&#8221; column_border_style=&#8221;solid&#8221;][vc_row_inner column_margin=&#8221;default&#8221; text_align=&#8221;left&#8221;][vc_column_inner enable_animation=&#8221;true&#8221; animation=&#8221;fade-in-from-left&#8221; column_padding=&#8221;no-extra-padding&#8221; column_padding_position=&#8221;all&#8221; background_color_opacity=&#8221;1&#8243; background_hover_color_opacity=&#8221;1&#8243; column_shadow=&#8221;none&#8221; column_border_radius=&#8221;none&#8221; width=&#8221;1\/1&#8243; column_border_width=&#8221;none&#8221; column_border_style=&#8221;solid&#8221;][image_with_animation image_url=&#8221;7115&#8243; alignment=&#8221;&#8221; animation=&#8221;None&#8221; border_radius=&#8221;10px&#8221; box_shadow=&#8221;none&#8221; max_width=&#8221;100%&#8221;][vc_column_text]\n<p style=\"text-align: right;\">Poster: Mateusz Mirowski<\/p>\n[\/vc_column_text][\/vc_column_inner][\/vc_row_inner][\/vc_column][vc_column column_padding=&#8221;padding-2-percent&#8221; column_padding_position=&#8221;all&#8221; background_color_opacity=&#8221;1&#8243; background_hover_color_opacity=&#8221;1&#8243; column_shadow=&#8221;none&#8221; column_border_radius=&#8221;none&#8221; width=&#8221;1\/2&#8243; tablet_text_alignment=&#8221;default&#8221; phone_text_alignment=&#8221;default&#8221; column_border_width=&#8221;none&#8221; column_border_style=&#8221;solid&#8221;][vc_custom_heading text=&#8221;War. The family-quake<br \/>\n&#8221; font_container=&#8221;tag:h2|font_size:40|text_align:left|line_height:50px&#8221; use_theme_fonts=&#8221;yes&#8221; css=&#8221;.vc_custom_1529402605442{margin-bottom: -5px !important;}&#8221;][vc_column_text css_animation=&#8221;none&#8221; css=&#8221;.vc_custom_1529777549236{margin-bottom: 45px !important;}&#8221;]\n<h4><strong>Gro Dahle<\/strong><\/h4>\n[\/vc_column_text][vc_custom_heading text=&#8221;Musical performance with the use of modern electronic music solutions, based on a book by Norwegian author Gro Dahle &#8220;War&#8220;.<br \/>\nThe creators reach for the social \/ family themes: the protagonist of history is Inga, who experiences the separation and then divorce of her parents. The problems she has to face she compares to the situation of war, the actual war conflict, and she reports how her life changes. Unfortunate adult decisions destroy her childhood. A large taboo is therefore exceeded, and the event has a therapeutic character to some extent.&#8221; font_container=&#8221;tag:p|font_size:15|text_align:justify|color:rgba(10%2C10%2C10%2C0.75)|line_height:1.2&#8243; use_theme_fonts=&#8221;yes&#8221; css_animation=&#8221;none&#8221;][vc_custom_heading text=&#8221;Production for audience aged above 7.<br \/>\n&#8221; font_container=&#8221;tag:p|font_size:15|text_align:justify|color:rgba(10%2C10%2C10%2C0.75)|line_height:1.2&#8243; use_theme_fonts=&#8221;yes&#8221; css_animation=&#8221;none&#8221;][\/vc_column][\/vc_row][vc_row type=&#8221;in_container&#8221; full_screen_row_position=&#8221;middle&#8221; scene_position=&#8221;center&#8221; text_color=&#8221;dark&#8221; text_align=&#8221;left&#8221; disable_element=&#8221;yes&#8221; overlay_strength=&#8221;0.3&#8243; shape_divider_position=&#8221;bottom&#8221; shape_type=&#8221;&#8221;][vc_column column_padding=&#8221;no-extra-padding&#8221; column_padding_position=&#8221;all&#8221; background_color_opacity=&#8221;1&#8243; background_hover_color_opacity=&#8221;1&#8243; column_shadow=&#8221;none&#8221; column_border_radius=&#8221;none&#8221; width=&#8221;1\/1&#8243; tablet_text_alignment=&#8221;default&#8221; phone_text_alignment=&#8221;default&#8221; column_border_width=&#8221;none&#8221; column_border_style=&#8221;solid&#8221;][nectar_horizontal_list_item columns=&#8221;3&#8243; column_layout_using_3_columns=&#8221;large_middle&#8221; col_1_text_align=&#8221;left&#8221; col_2_text_align=&#8221;left&#8221; col_3_text_align=&#8221;right&#8221; cta_1_open_new_tab=&#8221;true&#8221; font_family=&#8221;h5&#8243; hover_color=&#8221;accent-color&#8221; col_1_content=&#8221;24 czerwca<br \/>\ngodz. 17.00&#8243; col_2_content=&#8221;Teatr Dramatyczny im. Aleksandra W\u0119gierki w Bia\u0142ymstoku&#8221; cta_1_text=&#8221;Kup bilet&#8221; cta_1_url=&#8221;https:\/\/dramatyczny.pl\/projekty\/scena-pracoffnia\/sklodowska-radium-girl\/&#8221;][nectar_horizontal_list_item columns=&#8221;3&#8243; column_layout_using_3_columns=&#8221;large_middle&#8221; col_1_text_align=&#8221;left&#8221; col_2_text_align=&#8221;left&#8221; col_3_text_align=&#8221;right&#8221; cta_1_open_new_tab=&#8221;true&#8221; font_family=&#8221;h5&#8243; hover_color=&#8221;accent-color&#8221; col_1_content=&#8221;24 czerwca<br \/>\ngodz. 19.30&#8243; col_2_content=&#8221;Teatr Dramatyczny im. Aleksandra W\u0119gierki w Bia\u0142ymstoku&#8221; cta_1_text=&#8221;Kup bilet&#8221; cta_1_url=&#8221;https:\/\/dramatyczny.pl\/projekty\/scena-pracoffnia\/sklodowska-radium-girl\/&#8221;][\/vc_column][\/vc_row][vc_row type=&#8221;full_width_background&#8221; full_screen_row_position=&#8221;middle&#8221; equal_height=&#8221;yes&#8221; content_placement=&#8221;middle&#8221; bg_color=&#8221;#ffffff&#8221; scene_position=&#8221;center&#8221; text_color=&#8221;dark&#8221; text_align=&#8221;left&#8221; bottom_padding=&#8221;4%&#8221; id=&#8221;specs&#8221; row_name=&#8221;Specifications&#8221; overlay_strength=&#8221;0.3&#8243; shape_divider_position=&#8221;bottom&#8221; shape_type=&#8221;&#8221;][vc_column column_padding=&#8221;no-extra-padding&#8221; column_padding_position=&#8221;top-bottom&#8221; background_color_opacity=&#8221;1&#8243; background_hover_color_opacity=&#8221;1&#8243; column_shadow=&#8221;none&#8221; column_border_radius=&#8221;none&#8221; width=&#8221;1\/1&#8243; tablet_text_alignment=&#8221;default&#8221; phone_text_alignment=&#8221;default&#8221; column_border_width=&#8221;none&#8221; column_border_style=&#8221;solid&#8221;][vc_row_inner column_margin=&#8221;default&#8221; text_align=&#8221;left&#8221;][vc_column_inner column_padding=&#8221;no-extra-padding&#8221; column_padding_position=&#8221;all&#8221; background_color_opacity=&#8221;1&#8243; background_hover_color_opacity=&#8221;1&#8243; column_shadow=&#8221;none&#8221; column_border_radius=&#8221;none&#8221; width=&#8221;1\/1&#8243; column_border_width=&#8221;none&#8221; column_border_style=&#8221;solid&#8221; offset=&#8221;vc_hidden-lg vc_hidden-md&#8221;][divider line_type=&#8221;No Line&#8221; custom_height=&#8221;24&#8243;][\/vc_column_inner][\/vc_row_inner][vc_row_inner column_margin=&#8221;default&#8221; text_align=&#8221;left&#8221; css=&#8221;.vc_custom_1529777655373{padding-bottom: 10px !important;}&#8221;][vc_column_inner column_padding=&#8221;no-extra-padding&#8221; column_padding_position=&#8221;all&#8221; background_color_opacity=&#8221;1&#8243; background_hover_color_opacity=&#8221;1&#8243; column_shadow=&#8221;none&#8221; column_border_radius=&#8221;none&#8221; width=&#8221;2\/6&#8243; column_border_width=&#8221;none&#8221; column_border_style=&#8221;solid&#8221;][vc_column_text]\n<h4>Premiere:<\/h4>\n<h5>1<sup>st <\/sup>April<br \/>\nThe Pinokio Theatre in \u0141\u00f3d\u017a<\/h5>\n[\/vc_column_text][\/vc_column_inner][vc_column_inner column_padding=&#8221;no-extra-padding&#8221; column_padding_position=&#8221;all&#8221; background_color_opacity=&#8221;1&#8243; background_hover_color_opacity=&#8221;1&#8243; column_shadow=&#8221;none&#8221; column_border_radius=&#8221;none&#8221; width=&#8221;2\/6&#8243; column_border_width=&#8221;none&#8221; column_border_style=&#8221;solid&#8221;][vc_column_text]\n<h4>Running time:<\/h4>\n<h5>50 min<\/h5>\n[\/vc_column_text][\/vc_column_inner][\/vc_row_inner][divider line_type=&#8221;Full Width Line&#8221; line_thickness=&#8221;1&#8243; divider_color=&#8221;default&#8221; custom_height=&#8221;33&#8243;][vc_row_inner column_margin=&#8221;default&#8221; text_align=&#8221;left&#8221; css=&#8221;.vc_custom_1529777303321{padding-top: 15px !important;padding-bottom: -44px !important;}&#8221;][vc_column_inner column_padding=&#8221;no-extra-padding&#8221; column_padding_position=&#8221;all&#8221; background_color_opacity=&#8221;1&#8243; background_hover_color_opacity=&#8221;1&#8243; column_shadow=&#8221;none&#8221; column_border_radius=&#8221;none&#8221; width=&#8221;1\/6&#8243; column_border_width=&#8221;none&#8221; column_border_style=&#8221;solid&#8221; offset=&#8221;vc_hidden-sm vc_hidden-xs&#8221;][vc_column_text]\n<h4>Transaltion:<\/h4>\n<h5>Pawe\u0142 Urbanik<\/h5>\n[\/vc_column_text][\/vc_column_inner][vc_column_inner column_padding=&#8221;no-extra-padding&#8221; column_padding_position=&#8221;left-right&#8221; background_color_opacity=&#8221;1&#8243; background_hover_color_opacity=&#8221;1&#8243; column_shadow=&#8221;none&#8221; column_border_radius=&#8221;none&#8221; width=&#8221;1\/6&#8243; column_border_width=&#8221;none&#8221; column_border_style=&#8221;solid&#8221; offset=&#8221;vc_hidden-sm vc_hidden-xs&#8221;][vc_column_text]\n<h4>Adaptation and direction:<\/h4>\n<h5>Przemys\u0142aw Jaszczak<\/h5>\n[\/vc_column_text][\/vc_column_inner][vc_column_inner column_padding=&#8221;no-extra-padding&#8221; column_padding_position=&#8221;all&#8221; background_color_opacity=&#8221;1&#8243; background_hover_color_opacity=&#8221;1&#8243; column_shadow=&#8221;none&#8221; column_border_radius=&#8221;none&#8221; width=&#8221;1\/6&#8243; column_border_width=&#8221;none&#8221; column_border_style=&#8221;solid&#8221; offset=&#8221;vc_hidden-sm vc_hidden-xs&#8221;][vc_column_text]\n<h4>Music:<\/h4>\n<h5>Urszula Chrzanowska<br \/>\n(co-operation: Natalia Wieciech, Magda \u017barnecka)<\/h5>\n[\/vc_column_text][\/vc_column_inner][vc_column_inner column_padding=&#8221;no-extra-padding&#8221; column_padding_position=&#8221;all&#8221; background_color_opacity=&#8221;1&#8243; background_hover_color_opacity=&#8221;1&#8243; column_shadow=&#8221;none&#8221; column_border_radius=&#8221;none&#8221; width=&#8221;1\/6&#8243; column_border_width=&#8221;none&#8221; column_border_style=&#8221;solid&#8221; offset=&#8221;vc_hidden-sm vc_hidden-xs&#8221;][vc_column_text]\n<h4>Papercraft:<\/h4>\n<h5>Zuza Budziarek<\/h5>\n[\/vc_column_text][\/vc_column_inner][vc_column_inner column_padding=&#8221;no-extra-padding&#8221; column_padding_position=&#8221;all&#8221; background_color_opacity=&#8221;1&#8243; background_hover_color_opacity=&#8221;1&#8243; column_shadow=&#8221;none&#8221; column_border_radius=&#8221;none&#8221; width=&#8221;1\/6&#8243; column_border_width=&#8221;none&#8221; column_border_style=&#8221;solid&#8221; offset=&#8221;vc_hidden-sm vc_hidden-xs&#8221;][vc_column_text]\n<h4>Executive producer:<\/h4>\n<h5>Magda \u017barnecka<\/h5>\n[\/vc_column_text][\/vc_column_inner][\/vc_row_inner][vc_row_inner column_margin=&#8221;default&#8221; text_align=&#8221;left&#8221; css=&#8221;.vc_custom_1529777793329{margin-top: -22px !important;padding-top: -22px !important;padding-bottom: 22px !important;}&#8221;][vc_column_inner column_padding=&#8221;no-extra-padding&#8221; column_padding_position=&#8221;all&#8221; background_color_opacity=&#8221;1&#8243; background_hover_color_opacity=&#8221;1&#8243; column_shadow=&#8221;none&#8221; column_border_radius=&#8221;none&#8221; width=&#8221;1\/1&#8243; column_border_width=&#8221;none&#8221; column_border_style=&#8221;solid&#8221; offset=&#8221;vc_hidden-lg vc_hidden-md&#8221;][vc_column_text]\n<h4>Transaltion:<\/h4>\n<h5>Pawe\u0142 Urbanik<\/h5>\n[\/vc_column_text][divider line_type=&#8221;No Line&#8221; custom_height=&#8221;15&#8243;][vc_column_text]\n<h4>Adaptation and direction:<\/h4>\n<h5>Przemys\u0142aw Jaszczak<\/h5>\n[\/vc_column_text][divider line_type=&#8221;No Line&#8221; custom_height=&#8221;15&#8243;][vc_column_text]\n<h4>Music:<\/h4>\n<h5>Urszula Chrzanowska<br \/>\n(co-operation: Natalia Wieciech, Magda \u017barnecka)<\/h5>\n[\/vc_column_text][divider line_type=&#8221;No Line&#8221; custom_height=&#8221;15&#8243;][vc_column_text]\n<h4>Papercraft:<\/h4>\n<h5>Zuza Budziarek<\/h5>\n[\/vc_column_text][divider line_type=&#8221;No Line&#8221; custom_height=&#8221;15&#8243;][vc_column_text]\n<h4>Executive producer:<\/h4>\n<h5>Magda \u017barnecka<\/h5>\n[\/vc_column_text][\/vc_column_inner][\/vc_row_inner][divider line_type=&#8221;Full Width Line&#8221; line_thickness=&#8221;1&#8243; divider_color=&#8221;default&#8221;][vc_row_inner column_margin=&#8221;default&#8221; text_align=&#8221;left&#8221; css=&#8221;.vc_custom_1529777417577{padding-top: 22px !important;}&#8221;][vc_column_inner column_padding=&#8221;no-extra-padding&#8221; column_padding_position=&#8221;all&#8221; background_color_opacity=&#8221;1&#8243; background_hover_color_opacity=&#8221;1&#8243; column_shadow=&#8221;none&#8221; column_border_radius=&#8221;none&#8221; width=&#8221;1\/3&#8243; column_border_width=&#8221;none&#8221; column_border_style=&#8221;solid&#8221;][vc_column_text]\n<h4>Cast:<\/h4>\n<p><strong>Paulina Mo\u015b<br \/>\n<\/strong><strong>Helena Radzikowska<br \/>\n<\/strong><strong>Natalia Wieciech \/ Urszula Chrzanowska<br \/>\n<\/strong><strong>Pawe\u0142 Rutkowski<br \/>\n<\/strong><strong>Mateusz Trzmiel<\/strong>[\/vc_column_text][\/vc_column_inner][vc_column_inner column_padding=&#8221;no-extra-padding&#8221; column_padding_position=&#8221;left-right&#8221; background_color_opacity=&#8221;1&#8243; background_hover_color_opacity=&#8221;1&#8243; column_shadow=&#8221;none&#8221; column_border_radius=&#8221;none&#8221; width=&#8221;1\/3&#8243; column_border_width=&#8221;none&#8221; column_border_style=&#8221;solid&#8221;][vc_column_text]The event was created as part of the THOUCH THE THEATER 2017 campaign.<\/p>\n<p>Production: The Gl\u00f3soli Theatre \/ The PAPAHEMA Theatre.[\/vc_column_text][\/vc_column_inner][vc_column_inner column_padding=&#8221;no-extra-padding&#8221; column_padding_position=&#8221;all&#8221; background_color_opacity=&#8221;1&#8243; background_hover_color_opacity=&#8221;1&#8243; column_shadow=&#8221;none&#8221; column_border_radius=&#8221;none&#8221; width=&#8221;1\/3&#8243; column_border_width=&#8221;none&#8221; column_border_style=&#8221;solid&#8221;][\/vc_column_inner][\/vc_row_inner][\/vc_column][\/vc_row][vc_row type=&#8221;full_width_background&#8221; full_screen_row_position=&#8221;middle&#8221; bg_image=&#8221;7679&#8243; bg_position=&#8221;left top&#8221; bg_repeat=&#8221;no-repeat&#8221; parallax_bg=&#8221;true&#8221; parallax_bg_speed=&#8221;fast&#8221; bg_color=&#8221;#333333&#8243; scene_position=&#8221;center&#8221; text_color=&#8221;light&#8221; text_align=&#8221;left&#8221; top_padding=&#8221;10%&#8221; bottom_padding=&#8221;10%&#8221; color_overlay=&#8221;#0a0a0a&#8221; overlay_strength=&#8221;0.5&#8243; shape_divider_position=&#8221;bottom&#8221; shape_type=&#8221;&#8221;][vc_column centered_text=&#8221;true&#8221; column_padding=&#8221;no-extra-padding&#8221; column_padding_position=&#8221;all&#8221; background_color_opacity=&#8221;1&#8243; background_hover_color_opacity=&#8221;1&#8243; column_shadow=&#8221;none&#8221; column_border_radius=&#8221;none&#8221; width=&#8221;1\/1&#8243; tablet_text_alignment=&#8221;default&#8221; phone_text_alignment=&#8221;default&#8221; column_border_width=&#8221;none&#8221; column_border_style=&#8221;solid&#8221;][vc_column_text css=&#8221;.vc_custom_1527151228861{margin-bottom: 35px !important;}&#8221;]\n<h2>Trailer<\/h2>\n[\/vc_column_text][nectar_video_lightbox link_style=&#8221;play_button&#8221; video_url=&#8221;https:\/\/youtu.be\/zau3gWZOe3Q&#8221;][\/vc_column][\/vc_row][vc_row type=&#8221;in_container&#8221; full_screen_row_position=&#8221;middle&#8221; scene_position=&#8221;center&#8221; text_color=&#8221;dark&#8221; text_align=&#8221;left&#8221; overlay_strength=&#8221;0.3&#8243; shape_divider_position=&#8221;bottom&#8221;][vc_column column_padding=&#8221;no-extra-padding&#8221; column_padding_position=&#8221;all&#8221; background_color_opacity=&#8221;1&#8243; background_hover_color_opacity=&#8221;1&#8243; column_shadow=&#8221;none&#8221; column_border_radius=&#8221;none&#8221; width=&#8221;1\/1&#8243; tablet_text_alignment=&#8221;default&#8221; phone_text_alignment=&#8221;default&#8221; column_border_width=&#8221;none&#8221; column_border_style=&#8221;solid&#8221;][divider line_type=&#8221;No Line&#8221; custom_height=&#8221;44&#8243;][\/vc_column][\/vc_row][vc_row type=&#8221;full_width_content&#8221; full_screen_row_position=&#8221;middle&#8221; bg_color=&#8221;#ffffff&#8221; scene_position=&#8221;center&#8221; text_color=&#8221;dark&#8221; text_align=&#8221;left&#8221; overlay_strength=&#8221;0.3&#8243; shape_divider_position=&#8221;bottom&#8221; shape_type=&#8221;&#8221;][vc_column centered_text=&#8221;true&#8221; column_padding=&#8221;no-extra-padding&#8221; column_padding_position=&#8221;all&#8221; background_color_opacity=&#8221;1&#8243; background_hover_color_opacity=&#8221;1&#8243; column_shadow=&#8221;none&#8221; column_border_radius=&#8221;none&#8221; width=&#8221;1\/1&#8243; tablet_text_alignment=&#8221;default&#8221; phone_text_alignment=&#8221;default&#8221; column_border_width=&#8221;none&#8221; column_border_style=&#8221;solid&#8221;][vc_row_inner column_margin=&#8221;default&#8221; text_align=&#8221;left&#8221;][vc_column_inner column_padding=&#8221;no-extra-padding&#8221; column_padding_position=&#8221;all&#8221; background_color_opacity=&#8221;1&#8243; background_hover_color_opacity=&#8221;1&#8243; column_shadow=&#8221;none&#8221; column_border_radius=&#8221;none&#8221; width=&#8221;1\/1&#8243; column_border_width=&#8221;none&#8221; column_border_style=&#8221;solid&#8221; offset=&#8221;vc_hidden-sm vc_hidden-xs&#8221;][vc_gallery type=&#8221;image_grid&#8221; images=&#8221;7675,7676,7677,7678,7681,7680,7679,7682,7683&#8243; layout=&#8221;4&#8243; masonry_style=&#8221;true&#8221; gallery_style=&#8221;5&#8243; load_in_animation=&#8221;none&#8221; img_size=&#8221;full&#8221;][\/vc_column_inner][\/vc_row_inner][vc_row_inner column_margin=&#8221;default&#8221; text_align=&#8221;left&#8221;][vc_column_inner column_padding=&#8221;no-extra-padding&#8221; column_padding_position=&#8221;all&#8221; background_color_opacity=&#8221;1&#8243; background_hover_color_opacity=&#8221;1&#8243; column_shadow=&#8221;none&#8221; column_border_radius=&#8221;none&#8221; width=&#8221;1\/1&#8243; column_border_width=&#8221;none&#8221; column_border_style=&#8221;solid&#8221; offset=&#8221;vc_hidden-lg vc_hidden-md&#8221;][vc_gallery type=&#8221;flickity_style&#8221; images=&#8221;7675,7676,7677,7678,7681,7680,7679,7682,7683&#8243; flickity_controls=&#8221;none&#8221; flickity_desktop_columns=&#8221;3&#8243; flickity_small_desktop_columns=&#8221;3&#8243; flickity_tablet_columns=&#8221;1&#8243; flickity_box_shadow=&#8221;x_large_depth&#8221; onclick=&#8221;link_image&#8221; img_size=&#8221;full&#8221;][\/vc_column_inner][\/vc_row_inner][divider line_type=&#8221;Small Line&#8221; line_thickness=&#8221;1&#8243; divider_color=&#8221;default&#8221; custom_height=&#8221;15&#8243; custom_line_width=&#8221;55&#8243;][vc_column_text css=&#8221;.vc_custom_1528475454090{margin-bottom: 15px !important;}&#8221;]\n<h5>Photo:<strong> HaWa<\/strong><\/h5>\n[\/vc_column_text][\/vc_column][\/vc_row]\n","protected":false},"excerpt":{"rendered":"<p>[vc_row type=&#8221;full_width_background&#8221; full_screen_row_position=&#8221;middle&#8221; equal_height=&#8221;yes&#8221; content_placement=&#8221;top&#8221;&#8230;<\/p>\n","protected":false},"author":1,"featured_media":0,"parent":0,"menu_order":0,"comment_status":"closed","ping_status":"closed","template":"","meta":{"footnotes":""},"_links":{"self":[{"href":"https:\/\/teatrpapahema.pl\/en\/wp-json\/wp\/v2\/pages\/7114"}],"collection":[{"href":"https:\/\/teatrpapahema.pl\/en\/wp-json\/wp\/v2\/pages"}],"about":[{"href":"https:\/\/teatrpapahema.pl\/en\/wp-json\/wp\/v2\/types\/page"}],"author":[{"embeddable":true,"href":"https:\/\/teatrpapahema.pl\/en\/wp-json\/wp\/v2\/users\/1"}],"replies":[{"embeddable":true,"href":"https:\/\/teatrpapahema.pl\/en\/wp-json\/wp\/v2\/comments?post=7114"}],"version-history":[{"count":16,"href":"https:\/\/teatrpapahema.pl\/en\/wp-json\/wp\/v2\/pages\/7114\/revisions"}],"predecessor-version":[{"id":8108,"href":"https:\/\/teatrpapahema.pl\/en\/wp-json\/wp\/v2\/pages\/7114\/revisions\/8108"}],"wp:attachment":[{"href":"https:\/\/teatrpapahema.pl\/en\/wp-json\/wp\/v2\/media?parent=7114"}],"curies":[{"name":"wp","href":"https:\/\/api.w.org\/{rel}","templated":true}]}}